{"id":2229,"date":"2016-02-17T09:47:23","date_gmt":"2016-02-17T08:47:23","guid":{"rendered":"https:\/\/dexilon.es\/downloads-dexilon\/"},"modified":"2023-05-17T15:01:25","modified_gmt":"2023-05-17T13:01:25","slug":"downloads-dexilon","status":"publish","type":"page","link":"https:\/\/dexilon.es\/pt-pt\/downloads-dexilon\/","title":{"rendered":"Downloads"},"content":{"rendered":"<p>Nosso objetivo \u00e9 fornecer a voc\u00ea as informa\u00e7\u00f5es mais atualizadas, organizadas em uma estrutura f\u00e1cil de usar. Para algumas partes, \u00e9 necess\u00e1rio fazer login primeiro com seu nome de usu\u00e1rio e senha. Por favor, registre-se agora se voc\u00ea ainda n\u00e3o tiver um nome de usu\u00e1rio e senha. Voc\u00ea pode nos contatar caso n\u00e3o encontre informa\u00e7\u00f5es espec\u00edficas.<\/p>\n<p>Observe que voc\u00ea precisa fazer <a class=\"menu-login\" href=\"#login\">login<\/a> com suas informa\u00e7\u00f5es de conta para acessar o conte\u00fado.<\/p>\n","protected":false},"excerpt":{"rendered":"<p>Nosso objetivo \u00e9 fornecer a voc\u00ea as informa\u00e7\u00f5es mais atualizadas, organizadas em uma estrutura f\u00e1cil de usar. Para algumas partes, \u00e9 necess\u00e1rio fazer login primeiro com seu nome de usu\u00e1rio e senha. Por favor, registre-se agora se voc\u00ea ainda n\u00e3o tiver um nome de usu\u00e1rio e senha. Voc\u00ea pode nos contatar caso n\u00e3o encontre informa\u00e7\u00f5es&#8230;<\/p>\n","protected":false},"author":1,"featured_media":0,"parent":0,"menu_order":0,"comment_status":"closed","ping_status":"closed","template":"page-descargas.php","meta":[],"acf":[],"yoast_head":"<!-- This site is optimized with the Yoast SEO plugin v21.7 - https:\/\/yoast.com\/wordpress\/plugins\/seo\/ -->\n<title>Downloads - Dexilon Automation<\/title>\n<meta name=\"robots\" content=\"index, follow, max-snippet:-1, max-image-preview:large, max-video-preview:-1\" \/>\n<link rel=\"canonical\" href=\"https:\/\/dexilon.es\/pt-pt\/downloads-dexilon\/\" \/>\n<meta property=\"og:locale\" content=\"pt_PT\" \/>\n<meta property=\"og:type\" content=\"article\" \/>\n<meta property=\"og:title\" content=\"Downloads - Dexilon Automation\" \/>\n<meta property=\"og:description\" content=\"Nosso objetivo \u00e9 fornecer a voc\u00ea as informa\u00e7\u00f5es mais atualizadas, organizadas em uma estrutura f\u00e1cil de usar. Para algumas partes, \u00e9 necess\u00e1rio fazer login primeiro com seu nome de usu\u00e1rio e senha. Por favor, registre-se agora se voc\u00ea ainda n\u00e3o tiver um nome de usu\u00e1rio e senha. Voc\u00ea pode nos contatar caso n\u00e3o encontre informa\u00e7\u00f5es...\" \/>\n<meta property=\"og:url\" content=\"https:\/\/dexilon.es\/pt-pt\/downloads-dexilon\/\" \/>\n<meta property=\"og:site_name\" content=\"Dexilon Automation\" \/>\n<meta property=\"article:modified_time\" content=\"2023-05-17T13:01:25+00:00\" \/>\n<meta name=\"twitter:card\" content=\"summary_large_image\" \/>\n<meta name=\"twitter:label1\" content=\"Est. reading time\" \/>\n\t<meta name=\"twitter:data1\" content=\"1 minute\" \/>\n<script type=\"application\/ld+json\" class=\"yoast-schema-graph\">{\"@context\":\"https:\/\/schema.org\",\"@graph\":[{\"@type\":\"WebPage\",\"@id\":\"https:\/\/dexilon.es\/pt-pt\/downloads-dexilon\/\",\"url\":\"https:\/\/dexilon.es\/pt-pt\/downloads-dexilon\/\",\"name\":\"Downloads - Dexilon Automation\",\"isPartOf\":{\"@id\":\"https:\/\/dexilon.es\/pt-pt\/#website\"},\"datePublished\":\"2016-02-17T08:47:23+00:00\",\"dateModified\":\"2023-05-17T13:01:25+00:00\",\"breadcrumb\":{\"@id\":\"https:\/\/dexilon.es\/pt-pt\/downloads-dexilon\/#breadcrumb\"},\"inLanguage\":\"pt-PT\",\"potentialAction\":[{\"@type\":\"ReadAction\",\"target\":[\"https:\/\/dexilon.es\/pt-pt\/downloads-dexilon\/\"]}]},{\"@type\":\"BreadcrumbList\",\"@id\":\"https:\/\/dexilon.es\/pt-pt\/downloads-dexilon\/#breadcrumb\",\"itemListElement\":[{\"@type\":\"ListItem\",\"position\":1,\"name\":\"Home\",\"item\":\"https:\/\/dexilon.es\/pt-pt\/\"},{\"@type\":\"ListItem\",\"position\":2,\"name\":\"Downloads\"}]},{\"@type\":\"WebSite\",\"@id\":\"https:\/\/dexilon.es\/pt-pt\/#website\",\"url\":\"https:\/\/dexilon.es\/pt-pt\/\",\"name\":\"Dexilon Automation\",\"description\":\"DIGITAL ELECTRONICS PROFESSIONAL SOLUTIONS\",\"publisher\":{\"@id\":\"https:\/\/dexilon.es\/pt-pt\/#organization\"},\"potentialAction\":[{\"@type\":\"SearchAction\",\"target\":{\"@type\":\"EntryPoint\",\"urlTemplate\":\"https:\/\/dexilon.es\/pt-pt\/?s={search_term_string}\"},\"query-input\":\"required name=search_term_string\"}],\"inLanguage\":\"pt-PT\"},{\"@type\":\"Organization\",\"@id\":\"https:\/\/dexilon.es\/pt-pt\/#organization\",\"name\":\"Dexilon Automation\",\"url\":\"https:\/\/dexilon.es\/pt-pt\/\",\"logo\":{\"@type\":\"ImageObject\",\"inLanguage\":\"pt-PT\",\"@id\":\"https:\/\/dexilon.es\/pt-pt\/#\/schema\/logo\/image\/\",\"url\":\"https:\/\/dexilon.es\/wp\/wp-content\/uploads\/2016\/05\/logo-dexilon-vertical.jpg\",\"contentUrl\":\"https:\/\/dexilon.es\/wp\/wp-content\/uploads\/2016\/05\/logo-dexilon-vertical.jpg\",\"width\":341,\"height\":317,\"caption\":\"Dexilon Automation\"},\"image\":{\"@id\":\"https:\/\/dexilon.es\/pt-pt\/#\/schema\/logo\/image\/\"}}]}<\/script>\n<!-- \/ Yoast SEO plugin. -->","yoast_head_json":{"title":"Downloads - Dexilon Automation","robots":{"index":"index","follow":"follow","max-snippet":"max-snippet:-1","max-image-preview":"max-image-preview:large","max-video-preview":"max-video-preview:-1"},"canonical":"https:\/\/dexilon.es\/pt-pt\/downloads-dexilon\/","og_locale":"pt_PT","og_type":"article","og_title":"Downloads - Dexilon Automation","og_description":"Nosso objetivo \u00e9 fornecer a voc\u00ea as informa\u00e7\u00f5es mais atualizadas, organizadas em uma estrutura f\u00e1cil de usar. Para algumas partes, \u00e9 necess\u00e1rio fazer login primeiro com seu nome de usu\u00e1rio e senha. Por favor, registre-se agora se voc\u00ea ainda n\u00e3o tiver um nome de usu\u00e1rio e senha. Voc\u00ea pode nos contatar caso n\u00e3o encontre informa\u00e7\u00f5es...","og_url":"https:\/\/dexilon.es\/pt-pt\/downloads-dexilon\/","og_site_name":"Dexilon Automation","article_modified_time":"2023-05-17T13:01:25+00:00","twitter_card":"summary_large_image","twitter_misc":{"Est. reading time":"1 minute"},"schema":{"@context":"https:\/\/schema.org","@graph":[{"@type":"WebPage","@id":"https:\/\/dexilon.es\/pt-pt\/downloads-dexilon\/","url":"https:\/\/dexilon.es\/pt-pt\/downloads-dexilon\/","name":"Downloads - Dexilon Automation","isPartOf":{"@id":"https:\/\/dexilon.es\/pt-pt\/#website"},"datePublished":"2016-02-17T08:47:23+00:00","dateModified":"2023-05-17T13:01:25+00:00","breadcrumb":{"@id":"https:\/\/dexilon.es\/pt-pt\/downloads-dexilon\/#breadcrumb"},"inLanguage":"pt-PT","potentialAction":[{"@type":"ReadAction","target":["https:\/\/dexilon.es\/pt-pt\/downloads-dexilon\/"]}]},{"@type":"BreadcrumbList","@id":"https:\/\/dexilon.es\/pt-pt\/downloads-dexilon\/#breadcrumb","itemListElement":[{"@type":"ListItem","position":1,"name":"Home","item":"https:\/\/dexilon.es\/pt-pt\/"},{"@type":"ListItem","position":2,"name":"Downloads"}]},{"@type":"WebSite","@id":"https:\/\/dexilon.es\/pt-pt\/#website","url":"https:\/\/dexilon.es\/pt-pt\/","name":"Dexilon Automation","description":"DIGITAL ELECTRONICS PROFESSIONAL SOLUTIONS","publisher":{"@id":"https:\/\/dexilon.es\/pt-pt\/#organization"},"potentialAction":[{"@type":"SearchAction","target":{"@type":"EntryPoint","urlTemplate":"https:\/\/dexilon.es\/pt-pt\/?s={search_term_string}"},"query-input":"required name=search_term_string"}],"inLanguage":"pt-PT"},{"@type":"Organization","@id":"https:\/\/dexilon.es\/pt-pt\/#organization","name":"Dexilon Automation","url":"https:\/\/dexilon.es\/pt-pt\/","logo":{"@type":"ImageObject","inLanguage":"pt-PT","@id":"https:\/\/dexilon.es\/pt-pt\/#\/schema\/logo\/image\/","url":"https:\/\/dexilon.es\/wp\/wp-content\/uploads\/2016\/05\/logo-dexilon-vertical.jpg","contentUrl":"https:\/\/dexilon.es\/wp\/wp-content\/uploads\/2016\/05\/logo-dexilon-vertical.jpg","width":341,"height":317,"caption":"Dexilon Automation"},"image":{"@id":"https:\/\/dexilon.es\/pt-pt\/#\/schema\/logo\/image\/"}}]}},"_links":{"self":[{"href":"https:\/\/dexilon.es\/pt-pt\/wp-json\/wp\/v2\/pages\/2229"}],"collection":[{"href":"https:\/\/dexilon.es\/pt-pt\/wp-json\/wp\/v2\/pages"}],"about":[{"href":"https:\/\/dexilon.es\/pt-pt\/wp-json\/wp\/v2\/types\/page"}],"author":[{"embeddable":true,"href":"https:\/\/dexilon.es\/pt-pt\/wp-json\/wp\/v2\/users\/1"}],"replies":[{"embeddable":true,"href":"https:\/\/dexilon.es\/pt-pt\/wp-json\/wp\/v2\/comments?post=2229"}],"version-history":[{"count":0,"href":"https:\/\/dexilon.es\/pt-pt\/wp-json\/wp\/v2\/pages\/2229\/revisions"}],"wp:attachment":[{"href":"https:\/\/dexilon.es\/pt-pt\/wp-json\/wp\/v2\/media?parent=2229"}],"curies":[{"name":"wp","href":"https:\/\/api.w.org\/{rel}","templated":true}]}}