{"id":2226,"date":"2016-03-03T09:01:37","date_gmt":"2016-03-03T08:01:37","guid":{"rendered":"https:\/\/dexilon.es\/about-us\/"},"modified":"2023-04-26T11:48:37","modified_gmt":"2023-04-26T09:48:37","slug":"sobre-nos","status":"publish","type":"page","link":"https:\/\/dexilon.es\/pt-pt\/sobre-nos\/","title":{"rendered":"Sobre n\u00f3s"},"content":{"rendered":"<p>H\u00e1 mais de 15 anos, a Dexilon tem estado na vanguarda da inova\u00e7\u00e3o na ind\u00fastria de EAS. Sempre baseamos nossos projetos na vanguarda da tecnologia eletr\u00f4nica, sendo pioneiros no desenvolvimento de recursos como Green mode, reconhecimento de tag, conectividade \u00e0 internet e outros.<\/p>\n<p>Somos fabricantes, fazemos coisas. Mas fazemos mais do que apenas produtos dur\u00e1veis e de alta qualidade. Nossos clientes se beneficiam de servi\u00e7os l\u00edderes do setor, incluindo designs personalizados de EAS, an\u00e1lise de necessidades e dimensionamento de equipamentos, al\u00e9m de servi\u00e7os e suporte &#8211; oferecidos por meio de nossa rede global de distribuidores altamente treinados.<\/p>\n<p>Nossos engenheiros continuamente buscam melhorar a efici\u00eancia dos sistemas Dexilon e, desde o desenvolvimento at\u00e9 a implementa\u00e7\u00e3o, estamos l\u00e1 para ajud\u00e1-lo a colocar os sistemas em funcionamento da melhor maneira poss\u00edvel.<\/p>\n<p>Veja nossos distribuidores por \u00e1rea:<\/p>\n","protected":false},"excerpt":{"rendered":"<p>H\u00e1 mais de 15 anos, a Dexilon tem estado na vanguarda da inova\u00e7\u00e3o na ind\u00fastria de EAS. Sempre baseamos nossos projetos na vanguarda da tecnologia eletr\u00f4nica, sendo pioneiros no desenvolvimento de recursos como Green mode, reconhecimento de tag, conectividade \u00e0 internet e outros. Somos fabricantes, fazemos coisas. Mas fazemos mais do que apenas produtos dur\u00e1veis&#8230;<\/p>\n","protected":false},"author":1,"featured_media":0,"parent":0,"menu_order":0,"comment_status":"closed","ping_status":"closed","template":"","meta":[],"acf":[],"yoast_head":"<!-- This site is optimized with the Yoast SEO plugin v21.7 - https:\/\/yoast.com\/wordpress\/plugins\/seo\/ -->\n<title>Sobre n\u00f3s - Dexilon Automation<\/title>\n<meta name=\"robots\" content=\"index, follow, max-snippet:-1, max-image-preview:large, max-video-preview:-1\" \/>\n<link rel=\"canonical\" href=\"https:\/\/dexilon.es\/pt-pt\/sobre-nos\/\" \/>\n<meta property=\"og:locale\" content=\"pt_PT\" \/>\n<meta property=\"og:type\" content=\"article\" \/>\n<meta property=\"og:title\" content=\"Sobre n\u00f3s - Dexilon Automation\" \/>\n<meta property=\"og:description\" content=\"H\u00e1 mais de 15 anos, a Dexilon tem estado na vanguarda da inova\u00e7\u00e3o na ind\u00fastria de EAS. Sempre baseamos nossos projetos na vanguarda da tecnologia eletr\u00f4nica, sendo pioneiros no desenvolvimento de recursos como Green mode, reconhecimento de tag, conectividade \u00e0 internet e outros. Somos fabricantes, fazemos coisas. Mas fazemos mais do que apenas produtos dur\u00e1veis...\" \/>\n<meta property=\"og:url\" content=\"https:\/\/dexilon.es\/pt-pt\/sobre-nos\/\" \/>\n<meta property=\"og:site_name\" content=\"Dexilon Automation\" \/>\n<meta property=\"article:modified_time\" content=\"2023-04-26T09:48:37+00:00\" \/>\n<meta name=\"twitter:card\" content=\"summary_large_image\" \/>\n<meta name=\"twitter:label1\" content=\"Est. reading time\" \/>\n\t<meta name=\"twitter:data1\" content=\"1 minute\" \/>\n<script type=\"application\/ld+json\" class=\"yoast-schema-graph\">{\"@context\":\"https:\/\/schema.org\",\"@graph\":[{\"@type\":\"WebPage\",\"@id\":\"https:\/\/dexilon.es\/pt-pt\/sobre-nos\/\",\"url\":\"https:\/\/dexilon.es\/pt-pt\/sobre-nos\/\",\"name\":\"Sobre n\u00f3s - Dexilon Automation\",\"isPartOf\":{\"@id\":\"https:\/\/dexilon.es\/pt-pt\/#website\"},\"datePublished\":\"2016-03-03T08:01:37+00:00\",\"dateModified\":\"2023-04-26T09:48:37+00:00\",\"breadcrumb\":{\"@id\":\"https:\/\/dexilon.es\/pt-pt\/sobre-nos\/#breadcrumb\"},\"inLanguage\":\"pt-PT\",\"potentialAction\":[{\"@type\":\"ReadAction\",\"target\":[\"https:\/\/dexilon.es\/pt-pt\/sobre-nos\/\"]}]},{\"@type\":\"BreadcrumbList\",\"@id\":\"https:\/\/dexilon.es\/pt-pt\/sobre-nos\/#breadcrumb\",\"itemListElement\":[{\"@type\":\"ListItem\",\"position\":1,\"name\":\"Home\",\"item\":\"https:\/\/dexilon.es\/pt-pt\/\"},{\"@type\":\"ListItem\",\"position\":2,\"name\":\"Sobre n\u00f3s\"}]},{\"@type\":\"WebSite\",\"@id\":\"https:\/\/dexilon.es\/pt-pt\/#website\",\"url\":\"https:\/\/dexilon.es\/pt-pt\/\",\"name\":\"Dexilon Automation\",\"description\":\"DIGITAL ELECTRONICS PROFESSIONAL SOLUTIONS\",\"publisher\":{\"@id\":\"https:\/\/dexilon.es\/pt-pt\/#organization\"},\"potentialAction\":[{\"@type\":\"SearchAction\",\"target\":{\"@type\":\"EntryPoint\",\"urlTemplate\":\"https:\/\/dexilon.es\/pt-pt\/?s={search_term_string}\"},\"query-input\":\"required name=search_term_string\"}],\"inLanguage\":\"pt-PT\"},{\"@type\":\"Organization\",\"@id\":\"https:\/\/dexilon.es\/pt-pt\/#organization\",\"name\":\"Dexilon Automation\",\"url\":\"https:\/\/dexilon.es\/pt-pt\/\",\"logo\":{\"@type\":\"ImageObject\",\"inLanguage\":\"pt-PT\",\"@id\":\"https:\/\/dexilon.es\/pt-pt\/#\/schema\/logo\/image\/\",\"url\":\"https:\/\/dexilon.es\/wp\/wp-content\/uploads\/2016\/05\/logo-dexilon-vertical.jpg\",\"contentUrl\":\"https:\/\/dexilon.es\/wp\/wp-content\/uploads\/2016\/05\/logo-dexilon-vertical.jpg\",\"width\":341,\"height\":317,\"caption\":\"Dexilon Automation\"},\"image\":{\"@id\":\"https:\/\/dexilon.es\/pt-pt\/#\/schema\/logo\/image\/\"}}]}<\/script>\n<!-- \/ Yoast SEO plugin. -->","yoast_head_json":{"title":"Sobre n\u00f3s - Dexilon Automation","robots":{"index":"index","follow":"follow","max-snippet":"max-snippet:-1","max-image-preview":"max-image-preview:large","max-video-preview":"max-video-preview:-1"},"canonical":"https:\/\/dexilon.es\/pt-pt\/sobre-nos\/","og_locale":"pt_PT","og_type":"article","og_title":"Sobre n\u00f3s - Dexilon Automation","og_description":"H\u00e1 mais de 15 anos, a Dexilon tem estado na vanguarda da inova\u00e7\u00e3o na ind\u00fastria de EAS. Sempre baseamos nossos projetos na vanguarda da tecnologia eletr\u00f4nica, sendo pioneiros no desenvolvimento de recursos como Green mode, reconhecimento de tag, conectividade \u00e0 internet e outros. Somos fabricantes, fazemos coisas. Mas fazemos mais do que apenas produtos dur\u00e1veis...","og_url":"https:\/\/dexilon.es\/pt-pt\/sobre-nos\/","og_site_name":"Dexilon Automation","article_modified_time":"2023-04-26T09:48:37+00:00","twitter_card":"summary_large_image","twitter_misc":{"Est. reading time":"1 minute"},"schema":{"@context":"https:\/\/schema.org","@graph":[{"@type":"WebPage","@id":"https:\/\/dexilon.es\/pt-pt\/sobre-nos\/","url":"https:\/\/dexilon.es\/pt-pt\/sobre-nos\/","name":"Sobre n\u00f3s - Dexilon Automation","isPartOf":{"@id":"https:\/\/dexilon.es\/pt-pt\/#website"},"datePublished":"2016-03-03T08:01:37+00:00","dateModified":"2023-04-26T09:48:37+00:00","breadcrumb":{"@id":"https:\/\/dexilon.es\/pt-pt\/sobre-nos\/#breadcrumb"},"inLanguage":"pt-PT","potentialAction":[{"@type":"ReadAction","target":["https:\/\/dexilon.es\/pt-pt\/sobre-nos\/"]}]},{"@type":"BreadcrumbList","@id":"https:\/\/dexilon.es\/pt-pt\/sobre-nos\/#breadcrumb","itemListElement":[{"@type":"ListItem","position":1,"name":"Home","item":"https:\/\/dexilon.es\/pt-pt\/"},{"@type":"ListItem","position":2,"name":"Sobre n\u00f3s"}]},{"@type":"WebSite","@id":"https:\/\/dexilon.es\/pt-pt\/#website","url":"https:\/\/dexilon.es\/pt-pt\/","name":"Dexilon Automation","description":"DIGITAL ELECTRONICS PROFESSIONAL SOLUTIONS","publisher":{"@id":"https:\/\/dexilon.es\/pt-pt\/#organization"},"potentialAction":[{"@type":"SearchAction","target":{"@type":"EntryPoint","urlTemplate":"https:\/\/dexilon.es\/pt-pt\/?s={search_term_string}"},"query-input":"required name=search_term_string"}],"inLanguage":"pt-PT"},{"@type":"Organization","@id":"https:\/\/dexilon.es\/pt-pt\/#organization","name":"Dexilon Automation","url":"https:\/\/dexilon.es\/pt-pt\/","logo":{"@type":"ImageObject","inLanguage":"pt-PT","@id":"https:\/\/dexilon.es\/pt-pt\/#\/schema\/logo\/image\/","url":"https:\/\/dexilon.es\/wp\/wp-content\/uploads\/2016\/05\/logo-dexilon-vertical.jpg","contentUrl":"https:\/\/dexilon.es\/wp\/wp-content\/uploads\/2016\/05\/logo-dexilon-vertical.jpg","width":341,"height":317,"caption":"Dexilon Automation"},"image":{"@id":"https:\/\/dexilon.es\/pt-pt\/#\/schema\/logo\/image\/"}}]}},"_links":{"self":[{"href":"https:\/\/dexilon.es\/pt-pt\/wp-json\/wp\/v2\/pages\/2226"}],"collection":[{"href":"https:\/\/dexilon.es\/pt-pt\/wp-json\/wp\/v2\/pages"}],"about":[{"href":"https:\/\/dexilon.es\/pt-pt\/wp-json\/wp\/v2\/types\/page"}],"author":[{"embeddable":true,"href":"https:\/\/dexilon.es\/pt-pt\/wp-json\/wp\/v2\/users\/1"}],"replies":[{"embeddable":true,"href":"https:\/\/dexilon.es\/pt-pt\/wp-json\/wp\/v2\/comments?post=2226"}],"version-history":[{"count":0,"href":"https:\/\/dexilon.es\/pt-pt\/wp-json\/wp\/v2\/pages\/2226\/revisions"}],"wp:attachment":[{"href":"https:\/\/dexilon.es\/pt-pt\/wp-json\/wp\/v2\/media?parent=2226"}],"curies":[{"name":"wp","href":"https:\/\/api.w.org\/{rel}","templated":true}]}}